{"id":470,"date":"2021-03-04T08:11:23","date_gmt":"2021-03-04T08:11:23","guid":{"rendered":"https:\/\/bandb.com.pl\/?page_id=470"},"modified":"2021-03-05T09:56:10","modified_gmt":"2021-03-05T09:56:10","slug":"o-nas","status":"publish","type":"page","link":"https:\/\/bandb.com.pl\/?page_id=470","title":{"rendered":"O Nas"},"content":{"rendered":"\t\t<div data-elementor-type=\"wp-page\" data-elementor-id=\"470\" class=\"elementor elementor-470\">\n\t\t\t\t\t\t<section class=\"elementor-section elementor-top-section elementor-element elementor-element-91431c6 elementor-section-boxed elementor-section-height-default elementor-section-height-default\" data-id=\"91431c6\" data-element_type=\"section\" data-e-type=\"section\">\n\t\t\t\t\t\t<div class=\"elementor-container elementor-column-gap-default\">\n\t\t\t\t\t<div class=\"elementor-column elementor-col-100 elementor-top-column elementor-element elementor-element-c2b141e\" data-id=\"c2b141e\" data-element_type=\"column\" data-e-type=\"column\">\n\t\t\t<div class=\"elementor-widget-wrap elementor-element-populated\">\n\t\t\t\t\t\t<div class=\"elementor-element elementor-element-627ab06 elementor-widget elementor-widget-heading\" data-id=\"627ab06\" data-element_type=\"widget\" data-e-type=\"widget\" data-widget_type=\"heading.default\">\n\t\t\t\t<div class=\"elementor-widget-container\">\n\t\t\t\t\t<h2 class=\"elementor-heading-title elementor-size-default\">O Nas<\/h2>\t\t\t\t<\/div>\n\t\t\t\t<\/div>\n\t\t\t\t\t<\/div>\n\t\t<\/div>\n\t\t\t\t\t<\/div>\n\t\t<\/section>\n\t\t\t\t<section class=\"elementor-section elementor-top-section elementor-element elementor-element-49e703d elementor-section-boxed elementor-section-height-default elementor-section-height-default\" data-id=\"49e703d\" data-element_type=\"section\" data-e-type=\"section\">\n\t\t\t\t\t\t<div class=\"elementor-container elementor-column-gap-default\">\n\t\t\t\t\t<div class=\"elementor-column elementor-col-100 elementor-top-column elementor-element elementor-element-9eabfb6\" data-id=\"9eabfb6\" data-element_type=\"column\" data-e-type=\"column\">\n\t\t\t<div class=\"elementor-widget-wrap elementor-element-populated\">\n\t\t\t\t\t\t<div class=\"elementor-element elementor-element-53ea9d0 elementor-widget elementor-widget-text-editor\" data-id=\"53ea9d0\" data-element_type=\"widget\" data-e-type=\"widget\" data-widget_type=\"text-editor.default\">\n\t\t\t\t<div class=\"elementor-widget-container\">\n\t\t\t\t\t\t\t\t\t<p><strong>\u00a0 \u00a0 \u00a0 \u00a0 \u00a0 \u00a0 \u00a0Firma Remontowo Budowlana<\/strong>\u00a0<strong>&#8222;B&amp;B&#8221;<\/strong>\u00a0istnieje od 2007 roku. Obszarem na kt\u00f3rym wykonujemy prace s\u0105 g\u0142\u00f3wnie\u00a0<strong>Kielce i okolice<\/strong>\u00a0jak r\u00f3wnie\u017c teren ca\u0142ego kraju.\u00a0Wykonywane przez nas prace \u015bwiadczymy dla Instytucji Pa\u0144stwowych, firm jak r\u00f3wnie\u017c dla inwestor\u00f3w prywatnych.<\/p><p><strong>\u00a0 \u00a0 \u00a0 \u00a0 \u00a0 \u00a0 \u00a0<\/strong>Wykonujemy us\u0142ugi dekarskie, us\u0142ugi budowlane, us\u0142ugi remontowe, wyko\u0144czenia wn\u0119trz, malowanie biur, mieszka\u0144, budowa dom\u00f3w, ocieplenia i elewacje budynk\u00f3w, uk\u0142adanie kostki brukowej, prace ziemne, zagospodarowanie przestrzeni wok\u00f3\u0142 posesji, a tak\u017ce instalacje elektryczne, wodno-kanalizacyjne, hydrauliczne, centralnego ogrzewania, wentylacyjne.<\/p><p><strong>\u00a0 \u00a0 \u00a0 \u00a0 \u00a0 \u00a0 \u00a0<\/strong>Oferujemy mo\u017cliwo\u015b\u0107 doradztwa w doborze, a tak\u017ce zakup i transport materia\u0142\u00f3w w zakresie naszych us\u0142ug. Wsp\u00f3\u0142pracujemy tak\u017ce z wieloma podwykonawcami, aby ci\u0105gle poszerza\u0107 wachlarz naszych us\u0142ug oraz zapewni\u0107 jak najni\u017csze ceny materia\u0142\u00f3w budowlanych. \u00a0Wykorzystujemy wszelkie dost\u0119pne na rynku materia\u0142y oraz najnowsze rozwi\u0105zania technologiczne, by klient uzyska\u0142 jak najlepszy efekt i zadowolenie<\/p><p><strong>\u00a0 \u00a0 \u00a0 \u00a0 \u00a0 \u00a0 \u00a0<\/strong>Nasz\u0105 firm\u0119 tworz\u0105 ludzie kompetentni, z pe\u0142nym zaanga\u017cowaniem wype\u0142niaj\u0105cy swoj\u0105 prac\u0119. Posiadamy do\u015bwiadczon\u0105 kadr\u0119 pracownicz\u0105 z wieloletnim sta\u017cem, dzi\u0119ki czemu mog\u0105 by\u0107 Pa\u0144stwo pewni \u017ce wszelkie prace nam zlecone zostan\u0105 solidnie wykonane.<\/p><p><strong>\u00a0 \u00a0 \u00a0 \u00a0 \u00a0 \u00a0 \u00a0<\/strong>Naszym priorytetem jest wysoka jako\u015b\u0107 us\u0142ug oraz kompleksowa obs\u0142uga inwestycji, poniewa\u017c polecenie naszej firmy przez Klienta, jest najlepsz\u0105 mo\u017cliwo\u015bci\u0105 reklamy.<\/p><p><strong>\u00a0 \u00a0 \u00a0 \u00a0 \u00a0 \u00a0 \u00a0<\/strong>D\u0105\u017cymy do sprostania ka\u017cdemu zadaniu, r\u00f3wnie\u017c bardzo indywidualnemu i nietypowemu. Ka\u017cde zlecenie zawsze jest dla nas nowym wyzwaniem do kt\u00f3rego podchodzimy indywidualnie i z pasj\u0105, a zadowolenie Klienta jest naszym celem.<\/p><p><strong>\u00a0 \u00a0 \u00a0 \u00a0 \u00a0 \u00a0 \u00a0<\/strong>Pragniemy w dalszym ci\u0105gu podnosi\u0107 jako\u015b\u0107 naszych us\u0142ug i tym samym spe\u0142nia\u0107 Pa\u0144stwa wszelkie oczekiwania.<\/p><p><strong>\u00a0 \u00a0 \u00a0 \u00a0 \u00a0 \u00a0 \u00a0<\/strong>Je\u015bli poszukujesz rzetelnej firmy, kt\u00f3ra wykona aran\u017cacje lokalu, sklepu, biura, remontu mieszkania, ocieplenia budynku, pokryje pap\u0105 termozgrzewaln\u0105 dach lub inne prace remontowe, og\u00f3lnobudowlane, instalacyjne i ziemne to trafi\u0142e\u015b na w\u0142a\u015bciw\u0105 stron\u0119. Zapraszamy do zapoznania si\u0119 z nasz\u0105 ofert\u0105.<\/p><p><strong>\u00a0 \u00a0 \u00a0 \u00a0 \u00a0 \u00a0 \u00a0<\/strong>Pod numerem telefonu dost\u0119pnym na stronie przez pi\u0119\u0107 dni w tygodniu czekamy na Pa\u0144stwa zam\u00f3wienia. Przed rozpocz\u0119ciem pracy dokonujemy darmowej wyceny ca\u0142o\u015bci pracy.<\/p><p><strong>\u00a0 \u00a0 \u00a0 \u00a0 \u00a0 \u00a0 \u00a0<\/strong><strong>\u00a0 \u00a0 \u00a0 \u00a0 \u00a0 \u00a0 \u00a0<\/strong><strong>\u00a0 \u00a0 \u00a0 \u00a0 \u00a0 \u00a0 \u00a0<\/strong><strong>\u00a0 \u00a0 \u00a0 \u00a0 \u00a0 \u00a0 \u00a0<\/strong><strong>\u00a0 \u00a0 \u00a0 \u00a0 \u00a0 \u00a0 \u00a0<\/strong><strong>\u00a0 \u00a0 \u00a0 \u00a0 \u00a0 \u00a0 \u00a0<\/strong><strong>\u00a0 \u00a0 \u00a0 \u00a0 \u00a0 \u00a0 \u00a0<\/strong><strong>\u00a0 \u00a0 \u00a0 \u00a0 \u00a0 \u00a0 \u00a0<\/strong><strong>\u00a0 \u00a0 \u00a0 \u00a0 \u00a0 \u00a0 \u00a0<\/strong><strong>\u00a0 \u00a0 \u00a0 \u00a0 \u00a0 <\/strong><\/p><p>\u00a0<\/p><p><strong>\u00a0 \u00a0<\/strong><strong>\u00a0 \u00a0 \u00a0 \u00a0 \u00a0 \u00a0 \u00a0<\/strong><strong>\u00a0 \u00a0 \u00a0 \u00a0 \u00a0 \u00a0 \u00a0 \u00a0 \u00a0 \u00a0 \u00a0 \u00a0 \u00a0 \u00a0 \u00a0 \u00a0 \u00a0 \u00a0 \u00a0 \u00a0 \u00a0 \u00a0 \u00a0 \u00a0 \u00a0 \u00a0 \u00a0 \u00a0 \u00a0 \u00a0 \u00a0 \u00a0 \u00a0 \u00a0 \u00a0 \u00a0 \u00a0 \u00a0 \u00a0 \u00a0 \u00a0 \u00a0 \u00a0 \u00a0 \u00a0 \u00a0 \u00a0 \u00a0 \u00a0 \u00a0 \u00a0 \u00a0 \u00a0 \u00a0 \u00a0 \u00a0 \u00a0 \u00a0 \u00a0 \u00a0 \u00a0 \u00a0 \u00a0 \u00a0 \u00a0 \u00a0 \u00a0 \u00a0 \u00a0 \u00a0<\/strong><strong>\u00a0 \u00a0 \u00a0 \u00a0 \u00a0 \u00a0 \u00a0<\/strong>Z powa\u017caniem w\u0142a\u015bciciele firmy Bogus\u0142aw Kurgan i Bogdan Guzda<\/p>\t\t\t\t\t\t\t\t<\/div>\n\t\t\t\t<\/div>\n\t\t\t\t\t<\/div>\n\t\t<\/div>\n\t\t\t\t\t<\/div>\n\t\t<\/section>\n\t\t\t\t<\/div>\n\t\t","protected":false},"excerpt":{"rendered":"<p>O Nas \u00a0 \u00a0 \u00a0 \u00a0 \u00a0 \u00a0 \u00a0Firma Remontowo Budowlana\u00a0&#8222;B&amp;B&#8221;\u00a0istnieje od 2007 roku. Obszarem na kt\u00f3rym wykonujemy prace s\u0105 g\u0142\u00f3wnie\u00a0Kielce i okolice\u00a0jak r\u00f3wnie\u017c teren ca\u0142ego kraju.\u00a0Wykonywane przez nas prace \u015bwiadczymy dla Instytucji Pa\u0144stwowych, firm jak r\u00f3wnie\u017c dla inwestor\u00f3w prywatnych. \u00a0 \u00a0 \u00a0 \u00a0 \u00a0 \u00a0 \u00a0Wykonujemy us\u0142ugi dekarskie, us\u0142ugi budowlane, us\u0142ugi remontowe, wyko\u0144czenia wn\u0119trz, [&hellip;]<\/p>\n","protected":false},"author":1,"featured_media":0,"parent":0,"menu_order":0,"comment_status":"closed","ping_status":"closed","template":"","meta":{"footnotes":""},"class_list":["post-470","page","type-page","status-publish","hentry"],"_links":{"self":[{"href":"https:\/\/bandb.com.pl\/index.php?rest_route=\/wp\/v2\/pages\/470","targetHints":{"allow":["GET"]}}],"collection":[{"href":"https:\/\/bandb.com.pl\/index.php?rest_route=\/wp\/v2\/pages"}],"about":[{"href":"https:\/\/bandb.com.pl\/index.php?rest_route=\/wp\/v2\/types\/page"}],"author":[{"embeddable":true,"href":"https:\/\/bandb.com.pl\/index.php?rest_route=\/wp\/v2\/users\/1"}],"replies":[{"embeddable":true,"href":"https:\/\/bandb.com.pl\/index.php?rest_route=%2Fwp%2Fv2%2Fcomments&post=470"}],"version-history":[{"count":10,"href":"https:\/\/bandb.com.pl\/index.php?rest_route=\/wp\/v2\/pages\/470\/revisions"}],"predecessor-version":[{"id":615,"href":"https:\/\/bandb.com.pl\/index.php?rest_route=\/wp\/v2\/pages\/470\/revisions\/615"}],"wp:attachment":[{"href":"https:\/\/bandb.com.pl\/index.php?rest_route=%2Fwp%2Fv2%2Fmedia&parent=470"}],"curies":[{"name":"wp","href":"https:\/\/api.w.org\/{rel}","templated":true}]}}