{"id":575,"date":"2021-03-05T08:42:12","date_gmt":"2021-03-05T08:42:12","guid":{"rendered":"https:\/\/bandb.com.pl\/?page_id=575"},"modified":"2021-03-05T09:57:04","modified_gmt":"2021-03-05T09:57:04","slug":"uslugi-koparko-ladowrka","status":"publish","type":"page","link":"https:\/\/bandb.com.pl\/?page_id=575","title":{"rendered":"Us\u0142ugi Koparko-\u0141adowarka"},"content":{"rendered":"\n<p><\/p>\n\n\n\n<section id=\"section-9fd01a54-662a-4c9d-bafa-6cb9c4976f7e\" class=\"wp-block-gutentor-call-to-action gutentor-section  gutentor-calltoaction call-to-action-template3 has-color-bg has-custom-bg\"><div class=\"grid-container\"><div class=\"gutentor-grid-item-wrap\"><div class=\"gutentor-single-item\"><div class=\"gutentor-single-item-content\"><h3 class=\"gutentor-single-item-title\">Us\u0142ugi Koparko-\u0141adowarka<\/h3><div class=\"gutentor-single-item-desc\"><p class=\"gutentor-single-item-desc\">\u2022 wykopy<br>\u2022 r\u00f3wnanie terenu<br>\u2022 kucie m\u0142otem<br>\u2022 roz\u0142adunek<br>\u2022 od\u015bnie\u017canie<\/p><\/div><div class=\"gutentor-button-group\"><a class=\"gutentor-button gutentor-single-item-button gutentor-icon-after\" href=\"https:\/\/bandb.com.pl\/?page_id=300\"><i class=\"gutentor-button-icon fas fa-wrench\"><\/i><span>Zobacz ca\u0142\u0105 ofert\u0119 B&amp;B<\/span><\/a><\/div><\/div><\/div><\/div><\/div><\/section>\n\n\n\n<section id=\"section-812bfb75-0585-406b-8788-7c4f461c39ed\" class=\"wp-block-gutentor-gallery gutentor-section gutentor-gallery gutentor-gallery-wrapper enable-masonry gallery-template2 has-color-bg has-custom-bg\"><div class=\"grid-container\"><div class=\"gutentor-block-header\"><div class=\"gutentor-section-title enable-title-design seperator-bottom text-center\"><h2 class=\"gutentor-title\">Koparko-\u0141adowarka w trakcie rob\u00f3t<\/h2><\/div><\/div><div class=\"grid-row gutentor-grid-item-wrap full-width-row\"><div class=\"gutentor-gallery-item grid-md-3 grid-sm-4 grid-xs-12\"><div class=\"gutentor-single-item gutentor-image gutentor-single-item-0\"><div class=\"gutentor-gallery-item-wrap\"><div class=\"gutentor-single-item-image-box\"><div class=\"gutentor-image-thumb\"><img decoding=\"async\" class=\"normal-image\" src=\"https:\/\/bandb.com.pl\/wp-content\/uploads\/2021\/03\/20120121042-scaled.jpg\" alt=\"\" \/><div class=\"overlay\"><\/div><\/div><\/div><div class=\"gutentor-single-item-content\"><div class=\"gutentor-gallery-item-header\"><h3 class=\"gutentor-single-item-title\"><\/h3><a href=\"https:\/\/bandb.com.pl\/wp-content\/uploads\/2021\/03\/20120121042-scaled.jpg\" class=\"image-gallery\"><i class=\"gallery-icon fas fa-search\"><\/i><\/a><\/div><div class=\"gutentor-gallery-item-desc\"><\/div><\/div><\/div><\/div><\/div><div class=\"gutentor-gallery-item grid-md-3 grid-sm-4 grid-xs-12\"><div class=\"gutentor-single-item gutentor-image gutentor-single-item-1\"><div class=\"gutentor-gallery-item-wrap\"><div class=\"gutentor-single-item-image-box\"><div class=\"gutentor-image-thumb\"><img decoding=\"async\" class=\"normal-image\" src=\"https:\/\/bandb.com.pl\/wp-content\/uploads\/2021\/03\/20120121048-scaled.jpg\" alt=\"\" \/><div class=\"overlay\"><\/div><\/div><\/div><div class=\"gutentor-single-item-content\"><div class=\"gutentor-gallery-item-header\"><h3 class=\"gutentor-single-item-title\"><\/h3><a href=\"https:\/\/bandb.com.pl\/wp-content\/uploads\/2021\/03\/20120121048-scaled.jpg\" class=\"image-gallery\"><i class=\"gallery-icon fas fa-search\"><\/i><\/a><\/div><div class=\"gutentor-gallery-item-desc\"><\/div><\/div><\/div><\/div><\/div><div class=\"gutentor-gallery-item grid-md-3 grid-sm-4 grid-xs-12\"><div class=\"gutentor-single-item gutentor-image gutentor-single-item-2\"><div class=\"gutentor-gallery-item-wrap\"><div class=\"gutentor-single-item-image-box\"><div class=\"gutentor-image-thumb\"><img decoding=\"async\" class=\"normal-image\" src=\"https:\/\/bandb.com.pl\/wp-content\/uploads\/2021\/03\/20120121053-scaled.jpg\" alt=\"\" \/><div class=\"overlay\"><\/div><\/div><\/div><div class=\"gutentor-single-item-content\"><div class=\"gutentor-gallery-item-header\"><h3 class=\"gutentor-single-item-title\"><\/h3><a href=\"https:\/\/bandb.com.pl\/wp-content\/uploads\/2021\/03\/20120121053-scaled.jpg\" class=\"image-gallery\"><i class=\"gallery-icon fas fa-search\"><\/i><\/a><\/div><div class=\"gutentor-gallery-item-desc\"><\/div><\/div><\/div><\/div><\/div><div class=\"gutentor-gallery-item grid-md-3 grid-sm-4 grid-xs-12\"><div class=\"gutentor-single-item gutentor-image gutentor-single-item-3\"><div class=\"gutentor-gallery-item-wrap\"><div class=\"gutentor-single-item-image-box\"><div class=\"gutentor-image-thumb\"><img decoding=\"async\" class=\"normal-image\" src=\"https:\/\/bandb.com.pl\/wp-content\/uploads\/2021\/03\/IMG-20130418-00372.jpg\" alt=\"\" \/><div class=\"overlay\"><\/div><\/div><\/div><div class=\"gutentor-single-item-content\"><div class=\"gutentor-gallery-item-header\"><h3 class=\"gutentor-single-item-title\"><\/h3><a href=\"https:\/\/bandb.com.pl\/wp-content\/uploads\/2021\/03\/IMG-20130418-00372.jpg\" class=\"image-gallery\"><i class=\"gallery-icon fas fa-search\"><\/i><\/a><\/div><div class=\"gutentor-gallery-item-desc\"><\/div><\/div><\/div><\/div><\/div><div class=\"gutentor-gallery-item grid-md-3 grid-sm-4 grid-xs-12\"><div class=\"gutentor-single-item gutentor-image gutentor-single-item-4\"><div class=\"gutentor-gallery-item-wrap\"><div class=\"gutentor-single-item-image-box\"><div class=\"gutentor-image-thumb\"><img decoding=\"async\" class=\"normal-image\" src=\"https:\/\/bandb.com.pl\/wp-content\/uploads\/2021\/03\/IMG-20130422-00393.jpg\" alt=\"\" \/><div class=\"overlay\"><\/div><\/div><\/div><div class=\"gutentor-single-item-content\"><div class=\"gutentor-gallery-item-header\"><h3 class=\"gutentor-single-item-title\"><\/h3><a href=\"https:\/\/bandb.com.pl\/wp-content\/uploads\/2021\/03\/IMG-20130422-00393.jpg\" class=\"image-gallery\"><i class=\"gallery-icon fas fa-search\"><\/i><\/a><\/div><div class=\"gutentor-gallery-item-desc\"><\/div><\/div><\/div><\/div><\/div><div class=\"gutentor-gallery-item grid-md-3 grid-sm-4 grid-xs-12\"><div class=\"gutentor-single-item gutentor-image gutentor-single-item-5\"><div class=\"gutentor-gallery-item-wrap\"><div class=\"gutentor-single-item-image-box\"><div class=\"gutentor-image-thumb\"><img decoding=\"async\" class=\"normal-image\" src=\"https:\/\/bandb.com.pl\/wp-content\/uploads\/2021\/03\/IMG-20130430-00437.jpg\" alt=\"\" \/><div class=\"overlay\"><\/div><\/div><\/div><div class=\"gutentor-single-item-content\"><div class=\"gutentor-gallery-item-header\"><h3 class=\"gutentor-single-item-title\"><\/h3><a href=\"https:\/\/bandb.com.pl\/wp-content\/uploads\/2021\/03\/IMG-20130430-00437.jpg\" class=\"image-gallery\"><i class=\"gallery-icon fas fa-search\"><\/i><\/a><\/div><div class=\"gutentor-gallery-item-desc\"><\/div><\/div><\/div><\/div><\/div><div class=\"gutentor-gallery-item grid-md-3 grid-sm-4 grid-xs-12\"><div class=\"gutentor-single-item gutentor-image gutentor-single-item-6\"><div class=\"gutentor-gallery-item-wrap\"><div class=\"gutentor-single-item-image-box\"><div class=\"gutentor-image-thumb\"><img decoding=\"async\" class=\"normal-image\" src=\"https:\/\/bandb.com.pl\/wp-content\/uploads\/2021\/03\/IMG-20130521-00593-1.jpg\" alt=\"\" \/><div class=\"overlay\"><\/div><\/div><\/div><div class=\"gutentor-single-item-content\"><div class=\"gutentor-gallery-item-header\"><h3 class=\"gutentor-single-item-title\"><\/h3><a href=\"https:\/\/bandb.com.pl\/wp-content\/uploads\/2021\/03\/IMG-20130521-00593-1.jpg\" class=\"image-gallery\"><i class=\"gallery-icon fas fa-search\"><\/i><\/a><\/div><div class=\"gutentor-gallery-item-desc\"><\/div><\/div><\/div><\/div><\/div><\/div><\/div><\/section>\n\n\n\n<p><\/p>\n","protected":false},"excerpt":{"rendered":"","protected":false},"author":1,"featured_media":0,"parent":0,"menu_order":0,"comment_status":"closed","ping_status":"closed","template":"","meta":{"footnotes":""},"class_list":["post-575","page","type-page","status-publish","hentry"],"_links":{"self":[{"href":"https:\/\/bandb.com.pl\/index.php?rest_route=\/wp\/v2\/pages\/575","targetHints":{"allow":["GET"]}}],"collection":[{"href":"https:\/\/bandb.com.pl\/index.php?rest_route=\/wp\/v2\/pages"}],"about":[{"href":"https:\/\/bandb.com.pl\/index.php?rest_route=\/wp\/v2\/types\/page"}],"author":[{"embeddable":true,"href":"https:\/\/bandb.com.pl\/index.php?rest_route=\/wp\/v2\/users\/1"}],"replies":[{"embeddable":true,"href":"https:\/\/bandb.com.pl\/index.php?rest_route=%2Fwp%2Fv2%2Fcomments&post=575"}],"version-history":[{"count":10,"href":"https:\/\/bandb.com.pl\/index.php?rest_route=\/wp\/v2\/pages\/575\/revisions"}],"predecessor-version":[{"id":609,"href":"https:\/\/bandb.com.pl\/index.php?rest_route=\/wp\/v2\/pages\/575\/revisions\/609"}],"wp:attachment":[{"href":"https:\/\/bandb.com.pl\/index.php?rest_route=%2Fwp%2Fv2%2Fmedia&parent=575"}],"curies":[{"name":"wp","href":"https:\/\/api.w.org\/{rel}","templated":true}]}}